{"id":104,"date":"2020-03-16T10:03:13","date_gmt":"2020-03-16T10:03:13","guid":{"rendered":"https:\/\/www.vivevelez.com\/?page_id=104"},"modified":"2020-04-30T15:49:16","modified_gmt":"2020-04-30T15:49:16","slug":"una-seccion-de-la-pagina-de-inicio","status":"publish","type":"page","link":"https:\/\/www.vivevelez.com\/","title":{"rendered":"Presentaci\u00f3n"},"content":{"rendered":"\n<p>ViVe V\u00e9lez es una iniciativa creada por y para el municipio de V\u00e9lez M\u00e1laga. En el a\u00f1o 2015 nace la marca local #ViVeV\u00e9lez como iniciativa para fomentar la ciudad, a trav\u00e9s de distintas propuestas y eventos propios.&nbsp; Con el apoyo de un grupo de empresarios iniciamos una aventura que nos ha llevado a crear actividades novedosas, originales y necesarias. Llegando incluso a recuperar la celebraci\u00f3n de nuestro patr\u00f3n, San Sebastian, hoy en manos de una asociaci\u00f3n que cuida la iniciativa que tuvimos en su momento y la mejora d\u00eda a d\u00eda. Cultura, historia, comercio, hosteler\u00eda, patrimonio, lugares con encanto, tradiciones, fiestas hist\u00f3ricas, gastronom\u00eda, entre otros son nuestros objetivos; siempre intentando aportar cosas nuevas gracias a la colaboraci\u00f3n de todos. Nuestro principal objetivo siempre es el de sumar en la medida de lo posible a la vida social de nuestra ciudad, aportando ideas, apoyando a otras instituciones p\u00fablicas, privadas y\/o sociales.&nbsp; Poco a poco iremos subiendo nuestra historia propia, contando las actividades realizadas, proponiendo nuevos eventos y sobre todo intentando unificar a nuestra ciudad en un mismo objetivo que no es otro que la mejora de toda la ciudad, y siempre contando con el apoyo vuestro que es muy necesario.<\/p>\n\n\n\n<p>En esta web podr\u00e1s encontrar informaci\u00f3n de nuestra ciudad en todos sus sectores; productivos, culturales, tur\u00edsticos, fiestas e iniciativas nuevas donde podr\u00e1s participar de forma directa. Ay\u00fadanos a crear una mejor ciudad para todos #ViVeVelez.<\/p>\n\n\n\n<figure class=\"wp-block-image size-large\"><img loading=\"lazy\" decoding=\"async\" width=\"1024\" height=\"768\" src=\"https:\/\/www.vivevelez.com\/wp-content\/uploads\/2020\/03\/11831348_10204489338856393_597831604_o-1024x768.jpg\" alt=\"\" class=\"wp-image-256\" srcset=\"https:\/\/www.vivevelez.com\/wp-content\/uploads\/2020\/03\/11831348_10204489338856393_597831604_o-1024x768.jpg 1024w, https:\/\/www.vivevelez.com\/wp-content\/uploads\/2020\/03\/11831348_10204489338856393_597831604_o-300x225.jpg 300w, https:\/\/www.vivevelez.com\/wp-content\/uploads\/2020\/03\/11831348_10204489338856393_597831604_o-768x576.jpg 768w, https:\/\/www.vivevelez.com\/wp-content\/uploads\/2020\/03\/11831348_10204489338856393_597831604_o.jpg 1333w\" sizes=\"auto, (max-width: 1024px) 100vw, 1024px\" \/><\/figure>\n\n\n\n<p><\/p>\n","protected":false},"excerpt":{"rendered":"<p>ViVe V\u00e9lez es una iniciativa creada por y para el municipio de V\u00e9lez M\u00e1laga. En el a\u00f1o 2015 nace la marca local #ViVeV\u00e9lez como iniciativa para fomentar la ciudad, a trav\u00e9s de distintas propuestas y eventos propios.&nbsp; Con el apoyo de un grupo de empresarios iniciamos una aventura que nos ha llevado a crear actividades [&hellip;]<\/p>\n","protected":false},"author":1,"featured_media":197,"parent":0,"menu_order":0,"comment_status":"closed","ping_status":"closed","template":"","meta":{"footnotes":""},"class_list":["post-104","page","type-page","status-publish","has-post-thumbnail","hentry"],"yoast_head":"<!-- This site is optimized with the Yoast SEO plugin v27.1.1 - https:\/\/yoast.com\/product\/yoast-seo-wordpress\/ -->\n<title>Presentaci\u00f3n - vivevelez.com<\/title>\n<meta name=\"robots\" content=\"index, follow, max-snippet:-1, max-image-preview:large, max-video-preview:-1\" \/>\n<link rel=\"canonical\" href=\"https:\/\/www.vivevelez.com\/\" \/>\n<meta property=\"og:locale\" content=\"es_ES\" \/>\n<meta property=\"og:type\" content=\"article\" \/>\n<meta property=\"og:title\" content=\"Presentaci\u00f3n - vivevelez.com\" \/>\n<meta property=\"og:description\" content=\"ViVe V\u00e9lez es una iniciativa creada por y para el municipio de V\u00e9lez M\u00e1laga. En el a\u00f1o 2015 nace la marca local #ViVeV\u00e9lez como iniciativa para fomentar la ciudad, a trav\u00e9s de distintas propuestas y eventos propios.&nbsp; Con el apoyo de un grupo de empresarios iniciamos una aventura que nos ha llevado a crear actividades [&hellip;]\" \/>\n<meta property=\"og:url\" content=\"https:\/\/www.vivevelez.com\/\" \/>\n<meta property=\"og:site_name\" content=\"vivevelez.com\" \/>\n<meta property=\"article:modified_time\" content=\"2020-04-30T15:49:16+00:00\" \/>\n<meta property=\"og:image\" content=\"https:\/\/www.vivevelez.com\/wp-content\/uploads\/2020\/03\/VV-Blanc.jpg\" \/>\n\t<meta property=\"og:image:width\" content=\"2048\" \/>\n\t<meta property=\"og:image:height\" content=\"641\" \/>\n\t<meta property=\"og:image:type\" content=\"image\/jpeg\" \/>\n<meta name=\"twitter:card\" content=\"summary_large_image\" \/>\n<meta name=\"twitter:label1\" content=\"Tiempo de lectura\" \/>\n\t<meta name=\"twitter:data1\" content=\"1 minuto\" \/>\n<script type=\"application\/ld+json\" class=\"yoast-schema-graph\">{\"@context\":\"https:\/\/schema.org\",\"@graph\":[{\"@type\":\"WebPage\",\"@id\":\"https:\/\/www.vivevelez.com\/\",\"url\":\"https:\/\/www.vivevelez.com\/\",\"name\":\"Presentaci\u00f3n - vivevelez.com\",\"isPartOf\":{\"@id\":\"https:\/\/www.vivevelez.com\/#website\"},\"primaryImageOfPage\":{\"@id\":\"https:\/\/www.vivevelez.com\/#primaryimage\"},\"image\":{\"@id\":\"https:\/\/www.vivevelez.com\/#primaryimage\"},\"thumbnailUrl\":\"https:\/\/www.vivevelez.com\/wp-content\/uploads\/2020\/03\/VV-Blanc.jpg\",\"datePublished\":\"2020-03-16T10:03:13+00:00\",\"dateModified\":\"2020-04-30T15:49:16+00:00\",\"breadcrumb\":{\"@id\":\"https:\/\/www.vivevelez.com\/#breadcrumb\"},\"inLanguage\":\"es\",\"potentialAction\":[{\"@type\":\"ReadAction\",\"target\":[\"https:\/\/www.vivevelez.com\/\"]}]},{\"@type\":\"ImageObject\",\"inLanguage\":\"es\",\"@id\":\"https:\/\/www.vivevelez.com\/#primaryimage\",\"url\":\"https:\/\/www.vivevelez.com\/wp-content\/uploads\/2020\/03\/VV-Blanc.jpg\",\"contentUrl\":\"https:\/\/www.vivevelez.com\/wp-content\/uploads\/2020\/03\/VV-Blanc.jpg\",\"width\":2048,\"height\":641},{\"@type\":\"BreadcrumbList\",\"@id\":\"https:\/\/www.vivevelez.com\/#breadcrumb\",\"itemListElement\":[{\"@type\":\"ListItem\",\"position\":1,\"name\":\"Portada\",\"item\":\"https:\/\/www.vivevelez.com\/\"},{\"@type\":\"ListItem\",\"position\":2,\"name\":\"Presentaci\u00f3n\"}]},{\"@type\":\"WebSite\",\"@id\":\"https:\/\/www.vivevelez.com\/#website\",\"url\":\"https:\/\/www.vivevelez.com\/\",\"name\":\"vivevelez.com\",\"description\":\"V&eacute;lez-M&aacute;laga; Historia,Cultura,Gastronom&iacute;a,Arte,Lugares,Oficios,Personajes\",\"publisher\":{\"@id\":\"https:\/\/www.vivevelez.com\/#organization\"},\"potentialAction\":[{\"@type\":\"SearchAction\",\"target\":{\"@type\":\"EntryPoint\",\"urlTemplate\":\"https:\/\/www.vivevelez.com\/?s={search_term_string}\"},\"query-input\":{\"@type\":\"PropertyValueSpecification\",\"valueRequired\":true,\"valueName\":\"search_term_string\"}}],\"inLanguage\":\"es\"},{\"@type\":\"Organization\",\"@id\":\"https:\/\/www.vivevelez.com\/#organization\",\"name\":\"vivevelez.com\",\"url\":\"https:\/\/www.vivevelez.com\/\",\"logo\":{\"@type\":\"ImageObject\",\"inLanguage\":\"es\",\"@id\":\"https:\/\/www.vivevelez.com\/#\/schema\/logo\/image\/\",\"url\":\"https:\/\/www.vivevelez.com\/wp-content\/uploads\/2025\/01\/vive-velez.jpg\",\"contentUrl\":\"https:\/\/www.vivevelez.com\/wp-content\/uploads\/2025\/01\/vive-velez.jpg\",\"width\":1600,\"height\":566,\"caption\":\"vivevelez.com\"},\"image\":{\"@id\":\"https:\/\/www.vivevelez.com\/#\/schema\/logo\/image\/\"}}]}<\/script>\n<!-- \/ Yoast SEO plugin. -->","yoast_head_json":{"title":"Presentaci\u00f3n - vivevelez.com","robots":{"index":"index","follow":"follow","max-snippet":"max-snippet:-1","max-image-preview":"max-image-preview:large","max-video-preview":"max-video-preview:-1"},"canonical":"https:\/\/www.vivevelez.com\/","og_locale":"es_ES","og_type":"article","og_title":"Presentaci\u00f3n - vivevelez.com","og_description":"ViVe V\u00e9lez es una iniciativa creada por y para el municipio de V\u00e9lez M\u00e1laga. En el a\u00f1o 2015 nace la marca local #ViVeV\u00e9lez como iniciativa para fomentar la ciudad, a trav\u00e9s de distintas propuestas y eventos propios.&nbsp; Con el apoyo de un grupo de empresarios iniciamos una aventura que nos ha llevado a crear actividades [&hellip;]","og_url":"https:\/\/www.vivevelez.com\/","og_site_name":"vivevelez.com","article_modified_time":"2020-04-30T15:49:16+00:00","og_image":[{"width":2048,"height":641,"url":"https:\/\/www.vivevelez.com\/wp-content\/uploads\/2020\/03\/VV-Blanc.jpg","type":"image\/jpeg"}],"twitter_card":"summary_large_image","twitter_misc":{"Tiempo de lectura":"1 minuto"},"schema":{"@context":"https:\/\/schema.org","@graph":[{"@type":"WebPage","@id":"https:\/\/www.vivevelez.com\/","url":"https:\/\/www.vivevelez.com\/","name":"Presentaci\u00f3n - vivevelez.com","isPartOf":{"@id":"https:\/\/www.vivevelez.com\/#website"},"primaryImageOfPage":{"@id":"https:\/\/www.vivevelez.com\/#primaryimage"},"image":{"@id":"https:\/\/www.vivevelez.com\/#primaryimage"},"thumbnailUrl":"https:\/\/www.vivevelez.com\/wp-content\/uploads\/2020\/03\/VV-Blanc.jpg","datePublished":"2020-03-16T10:03:13+00:00","dateModified":"2020-04-30T15:49:16+00:00","breadcrumb":{"@id":"https:\/\/www.vivevelez.com\/#breadcrumb"},"inLanguage":"es","potentialAction":[{"@type":"ReadAction","target":["https:\/\/www.vivevelez.com\/"]}]},{"@type":"ImageObject","inLanguage":"es","@id":"https:\/\/www.vivevelez.com\/#primaryimage","url":"https:\/\/www.vivevelez.com\/wp-content\/uploads\/2020\/03\/VV-Blanc.jpg","contentUrl":"https:\/\/www.vivevelez.com\/wp-content\/uploads\/2020\/03\/VV-Blanc.jpg","width":2048,"height":641},{"@type":"BreadcrumbList","@id":"https:\/\/www.vivevelez.com\/#breadcrumb","itemListElement":[{"@type":"ListItem","position":1,"name":"Portada","item":"https:\/\/www.vivevelez.com\/"},{"@type":"ListItem","position":2,"name":"Presentaci\u00f3n"}]},{"@type":"WebSite","@id":"https:\/\/www.vivevelez.com\/#website","url":"https:\/\/www.vivevelez.com\/","name":"vivevelez.com","description":"V&eacute;lez-M&aacute;laga; Historia,Cultura,Gastronom&iacute;a,Arte,Lugares,Oficios,Personajes","publisher":{"@id":"https:\/\/www.vivevelez.com\/#organization"},"potentialAction":[{"@type":"SearchAction","target":{"@type":"EntryPoint","urlTemplate":"https:\/\/www.vivevelez.com\/?s={search_term_string}"},"query-input":{"@type":"PropertyValueSpecification","valueRequired":true,"valueName":"search_term_string"}}],"inLanguage":"es"},{"@type":"Organization","@id":"https:\/\/www.vivevelez.com\/#organization","name":"vivevelez.com","url":"https:\/\/www.vivevelez.com\/","logo":{"@type":"ImageObject","inLanguage":"es","@id":"https:\/\/www.vivevelez.com\/#\/schema\/logo\/image\/","url":"https:\/\/www.vivevelez.com\/wp-content\/uploads\/2025\/01\/vive-velez.jpg","contentUrl":"https:\/\/www.vivevelez.com\/wp-content\/uploads\/2025\/01\/vive-velez.jpg","width":1600,"height":566,"caption":"vivevelez.com"},"image":{"@id":"https:\/\/www.vivevelez.com\/#\/schema\/logo\/image\/"}}]}},"_links":{"self":[{"href":"https:\/\/www.vivevelez.com\/index.php\/wp-json\/wp\/v2\/pages\/104","targetHints":{"allow":["GET"]}}],"collection":[{"href":"https:\/\/www.vivevelez.com\/index.php\/wp-json\/wp\/v2\/pages"}],"about":[{"href":"https:\/\/www.vivevelez.com\/index.php\/wp-json\/wp\/v2\/types\/page"}],"author":[{"embeddable":true,"href":"https:\/\/www.vivevelez.com\/index.php\/wp-json\/wp\/v2\/users\/1"}],"replies":[{"embeddable":true,"href":"https:\/\/www.vivevelez.com\/index.php\/wp-json\/wp\/v2\/comments?post=104"}],"version-history":[{"count":8,"href":"https:\/\/www.vivevelez.com\/index.php\/wp-json\/wp\/v2\/pages\/104\/revisions"}],"predecessor-version":[{"id":835,"href":"https:\/\/www.vivevelez.com\/index.php\/wp-json\/wp\/v2\/pages\/104\/revisions\/835"}],"wp:featuredmedia":[{"embeddable":true,"href":"https:\/\/www.vivevelez.com\/index.php\/wp-json\/wp\/v2\/media\/197"}],"wp:attachment":[{"href":"https:\/\/www.vivevelez.com\/index.php\/wp-json\/wp\/v2\/media?parent=104"}],"curies":[{"name":"wp","href":"https:\/\/api.w.org\/{rel}","templated":true}]}}