{"id":688,"date":"2020-09-15T16:09:13","date_gmt":"2020-09-15T16:09:13","guid":{"rendered":"https:\/\/www.vivevelez.com\/?page_id=688"},"modified":"2025-02-03T18:28:58","modified_gmt":"2025-02-03T18:28:58","slug":"club-social-vive-velez","status":"publish","type":"page","link":"https:\/\/www.vivevelez.com\/index.php\/club-social-vive-velez\/","title":{"rendered":"Club Social Vive V\u00e9lez: \u00a1S\u00famate a nuestra comunidad!"},"content":{"rendered":"\n<figure class=\"wp-block-image aligncenter size-large is-resized\"><img loading=\"lazy\" decoding=\"async\" width=\"1024\" height=\"1024\" src=\"https:\/\/www.vivevelez.com\/wp-content\/uploads\/2020\/09\/LOGO-VIVE-VELEZ-1-1024x1024.png\" alt=\"\" class=\"wp-image-692\" style=\"width:453px;height:453px\" srcset=\"https:\/\/www.vivevelez.com\/wp-content\/uploads\/2020\/09\/LOGO-VIVE-VELEZ-1-1024x1024.png 1024w, https:\/\/www.vivevelez.com\/wp-content\/uploads\/2020\/09\/LOGO-VIVE-VELEZ-1-300x300.png 300w, https:\/\/www.vivevelez.com\/wp-content\/uploads\/2020\/09\/LOGO-VIVE-VELEZ-1-150x150.png 150w, https:\/\/www.vivevelez.com\/wp-content\/uploads\/2020\/09\/LOGO-VIVE-VELEZ-1-768x768.png 768w, https:\/\/www.vivevelez.com\/wp-content\/uploads\/2020\/09\/LOGO-VIVE-VELEZ-1-100x100.png 100w, https:\/\/www.vivevelez.com\/wp-content\/uploads\/2020\/09\/LOGO-VIVE-VELEZ-1.png 1500w\" sizes=\"auto, (max-width: 1024px) 100vw, 1024px\" \/><\/figure>\n\n\n\n<p>El <strong>Club Vive V\u00e9lez<\/strong> es el lugar donde vecinos, empresas y comercios podemos unirnos para colaborar activamente con un objetivo claro: fortalecer nuestro tejido social y econ\u00f3mico. <\/p>\n\n\n\n<p>Queremos que sea una iniciativa al alcance de todos, que involucre a cuanta m\u00e1s gente, mejor. Por ello, ponemos a tu disposici\u00f3n varias formas de participaci\u00f3n. <\/p>\n\n\n\n<p>Queremos construir juntos un espacio de oportunidades y beneficios para todos los que amamos V\u00e9lez.<\/p>\n\n\n\n<h2 class=\"wp-block-heading\"><strong>Formas de colaborar con el Club Vive V\u00e9lez:<\/strong><\/h2>\n\n\n\n<h3 class=\"wp-block-heading\"><strong>1. Amigo<\/strong><\/h3>\n\n\n\n<p>Ser socio es muy f\u00e1cil:<br>\ud83d\udc49 <strong><a href=\"https:\/\/chat.whatsapp.com\/LS07lOIGlROBvCPmYvNTjI\">Entra a nuestro grupo de WhatsApp<\/a><\/strong> para saber todo lo que se cuece en nuestro pueblo y ser parte del cambio. Ent\u00e9rate de las mejores ofertas y descuentos de los comercios y negocios del pueblo y participa en sorteos. <\/p>\n\n\n\n<h3 class=\"wp-block-heading\"><strong>2. Socio (para empresas y comercios)<\/strong><\/h3>\n\n\n\n<p>Si tienes un negocio y quieres sumarte, env\u00edanos un correo a <strong><a>clubvivevelez@gmail.com<\/a><\/strong> con los siguientes datos:<\/p>\n\n\n\n<ul class=\"wp-block-list\">\n<li>Nombre completo<\/li>\n\n\n\n<li>Tel\u00e9fono<\/li>\n\n\n\n<li>Nombre de tu empresa o comercio<\/li>\n<\/ul>\n\n\n\n<p><strong>\u00a1\u00danete como socio y da a conocer tu negocio en nuestra red!<\/strong><\/p>\n\n\n\n<h3 class=\"wp-block-heading\"><strong>3. L\u00edder<\/strong><\/h3>\n\n\n\n<p>\u00bfQuieres destacar a\u00fan m\u00e1s? <\/p>\n\n\n\n<p>Convi\u00e9rtete en <strong>l\u00edder<\/strong> y tu logo tendr\u00e1 mayor visibilidad en nuestras plataformas y materiales promocionales.<\/p>\n\n\n\n<p>\u00a1Haz que tu marca sea protagonista del cambio en V\u00e9lez!<\/p>\n\n\n\n<figure class=\"wp-block-gallery has-nested-images columns-default is-cropped wp-block-gallery-1 is-layout-flex wp-block-gallery-is-layout-flex\">\n<figure class=\"wp-block-image size-large\"><img loading=\"lazy\" decoding=\"async\" width=\"1024\" height=\"512\" data-id=\"905\" src=\"https:\/\/www.vivevelez.com\/wp-content\/uploads\/2025\/01\/club-social-vive-velez-1024x512.jpg\" alt=\"\" class=\"wp-image-905\" srcset=\"https:\/\/www.vivevelez.com\/wp-content\/uploads\/2025\/01\/club-social-vive-velez-1024x512.jpg 1024w, https:\/\/www.vivevelez.com\/wp-content\/uploads\/2025\/01\/club-social-vive-velez-300x150.jpg 300w, https:\/\/www.vivevelez.com\/wp-content\/uploads\/2025\/01\/club-social-vive-velez-768x384.jpg 768w, https:\/\/www.vivevelez.com\/wp-content\/uploads\/2025\/01\/club-social-vive-velez-1536x768.jpg 1536w, https:\/\/www.vivevelez.com\/wp-content\/uploads\/2025\/01\/club-social-vive-velez-2048x1024.jpg 2048w\" sizes=\"auto, (max-width: 1024px) 100vw, 1024px\" \/><\/figure>\n<\/figure>\n\n\n\n<p><\/p>\n\n\n\n<h4 class=\"wp-block-heading has-text-align-center\">MUCHO POR HACER, MUCHO POR COMPARTIR. DE V\u00c9LEZ PARA V\u00c9LEZ , \u00bfNOS ACOMPA\u00d1AS?<\/h4>\n","protected":false},"excerpt":{"rendered":"<p>El Club Vive V\u00e9lez es el lugar donde vecinos, empresas y comercios podemos unirnos para colaborar activamente con un objetivo claro: fortalecer nuestro tejido social y econ\u00f3mico. Queremos que sea una iniciativa al alcance de todos, que involucre a cuanta m\u00e1s gente, mejor. Por ello, ponemos a tu disposici\u00f3n varias formas de participaci\u00f3n. Queremos construir [&hellip;]<\/p>\n","protected":false},"author":1,"featured_media":0,"parent":0,"menu_order":0,"comment_status":"closed","ping_status":"closed","template":"","meta":{"footnotes":""},"class_list":["post-688","page","type-page","status-publish","hentry"],"yoast_head":"<!-- This site is optimized with the Yoast SEO plugin v27.1.1 - https:\/\/yoast.com\/product\/yoast-seo-wordpress\/ -->\n<title>Club Social Vive V\u00e9lez: \u00a1S\u00famate a nuestra comunidad! - vivevelez.com<\/title>\n<meta name=\"robots\" content=\"index, follow, max-snippet:-1, max-image-preview:large, max-video-preview:-1\" \/>\n<link rel=\"canonical\" href=\"https:\/\/www.vivevelez.com\/index.php\/club-social-vive-velez\/\" \/>\n<meta property=\"og:locale\" content=\"es_ES\" \/>\n<meta property=\"og:type\" content=\"article\" \/>\n<meta property=\"og:title\" content=\"Club Social Vive V\u00e9lez: \u00a1S\u00famate a nuestra comunidad! - vivevelez.com\" \/>\n<meta property=\"og:description\" content=\"El Club Vive V\u00e9lez es el lugar donde vecinos, empresas y comercios podemos unirnos para colaborar activamente con un objetivo claro: fortalecer nuestro tejido social y econ\u00f3mico. Queremos que sea una iniciativa al alcance de todos, que involucre a cuanta m\u00e1s gente, mejor. Por ello, ponemos a tu disposici\u00f3n varias formas de participaci\u00f3n. Queremos construir [&hellip;]\" \/>\n<meta property=\"og:url\" content=\"https:\/\/www.vivevelez.com\/index.php\/club-social-vive-velez\/\" \/>\n<meta property=\"og:site_name\" content=\"vivevelez.com\" \/>\n<meta property=\"article:modified_time\" content=\"2025-02-03T18:28:58+00:00\" \/>\n<meta property=\"og:image\" content=\"https:\/\/www.vivevelez.com\/wp-content\/uploads\/2020\/09\/LOGO-VIVE-VELEZ-1.png\" \/>\n\t<meta property=\"og:image:width\" content=\"1500\" \/>\n\t<meta property=\"og:image:height\" content=\"1500\" \/>\n\t<meta property=\"og:image:type\" content=\"image\/png\" \/>\n<meta name=\"twitter:card\" content=\"summary_large_image\" \/>\n<meta name=\"twitter:label1\" content=\"Tiempo de lectura\" \/>\n\t<meta name=\"twitter:data1\" content=\"2 minutos\" \/>\n<script type=\"application\/ld+json\" class=\"yoast-schema-graph\">{\"@context\":\"https:\/\/schema.org\",\"@graph\":[{\"@type\":\"WebPage\",\"@id\":\"https:\/\/www.vivevelez.com\/index.php\/club-social-vive-velez\/\",\"url\":\"https:\/\/www.vivevelez.com\/index.php\/club-social-vive-velez\/\",\"name\":\"Club Social Vive V\u00e9lez: \u00a1S\u00famate a nuestra comunidad! - vivevelez.com\",\"isPartOf\":{\"@id\":\"https:\/\/www.vivevelez.com\/#website\"},\"primaryImageOfPage\":{\"@id\":\"https:\/\/www.vivevelez.com\/index.php\/club-social-vive-velez\/#primaryimage\"},\"image\":{\"@id\":\"https:\/\/www.vivevelez.com\/index.php\/club-social-vive-velez\/#primaryimage\"},\"thumbnailUrl\":\"https:\/\/www.vivevelez.com\/wp-content\/uploads\/2020\/09\/LOGO-VIVE-VELEZ-1-1024x1024.png\",\"datePublished\":\"2020-09-15T16:09:13+00:00\",\"dateModified\":\"2025-02-03T18:28:58+00:00\",\"breadcrumb\":{\"@id\":\"https:\/\/www.vivevelez.com\/index.php\/club-social-vive-velez\/#breadcrumb\"},\"inLanguage\":\"es\",\"potentialAction\":[{\"@type\":\"ReadAction\",\"target\":[\"https:\/\/www.vivevelez.com\/index.php\/club-social-vive-velez\/\"]}]},{\"@type\":\"ImageObject\",\"inLanguage\":\"es\",\"@id\":\"https:\/\/www.vivevelez.com\/index.php\/club-social-vive-velez\/#primaryimage\",\"url\":\"https:\/\/www.vivevelez.com\/wp-content\/uploads\/2020\/09\/LOGO-VIVE-VELEZ-1.png\",\"contentUrl\":\"https:\/\/www.vivevelez.com\/wp-content\/uploads\/2020\/09\/LOGO-VIVE-VELEZ-1.png\",\"width\":1500,\"height\":1500},{\"@type\":\"BreadcrumbList\",\"@id\":\"https:\/\/www.vivevelez.com\/index.php\/club-social-vive-velez\/#breadcrumb\",\"itemListElement\":[{\"@type\":\"ListItem\",\"position\":1,\"name\":\"Portada\",\"item\":\"https:\/\/www.vivevelez.com\/\"},{\"@type\":\"ListItem\",\"position\":2,\"name\":\"Club Social Vive V\u00e9lez: \u00a1S\u00famate a nuestra comunidad!\"}]},{\"@type\":\"WebSite\",\"@id\":\"https:\/\/www.vivevelez.com\/#website\",\"url\":\"https:\/\/www.vivevelez.com\/\",\"name\":\"vivevelez.com\",\"description\":\"V&eacute;lez-M&aacute;laga; Historia,Cultura,Gastronom&iacute;a,Arte,Lugares,Oficios,Personajes\",\"publisher\":{\"@id\":\"https:\/\/www.vivevelez.com\/#organization\"},\"potentialAction\":[{\"@type\":\"SearchAction\",\"target\":{\"@type\":\"EntryPoint\",\"urlTemplate\":\"https:\/\/www.vivevelez.com\/?s={search_term_string}\"},\"query-input\":{\"@type\":\"PropertyValueSpecification\",\"valueRequired\":true,\"valueName\":\"search_term_string\"}}],\"inLanguage\":\"es\"},{\"@type\":\"Organization\",\"@id\":\"https:\/\/www.vivevelez.com\/#organization\",\"name\":\"vivevelez.com\",\"url\":\"https:\/\/www.vivevelez.com\/\",\"logo\":{\"@type\":\"ImageObject\",\"inLanguage\":\"es\",\"@id\":\"https:\/\/www.vivevelez.com\/#\/schema\/logo\/image\/\",\"url\":\"https:\/\/www.vivevelez.com\/wp-content\/uploads\/2025\/01\/vive-velez.jpg\",\"contentUrl\":\"https:\/\/www.vivevelez.com\/wp-content\/uploads\/2025\/01\/vive-velez.jpg\",\"width\":1600,\"height\":566,\"caption\":\"vivevelez.com\"},\"image\":{\"@id\":\"https:\/\/www.vivevelez.com\/#\/schema\/logo\/image\/\"}}]}<\/script>\n<!-- \/ Yoast SEO plugin. -->","yoast_head_json":{"title":"Club Social Vive V\u00e9lez: \u00a1S\u00famate a nuestra comunidad! - vivevelez.com","robots":{"index":"index","follow":"follow","max-snippet":"max-snippet:-1","max-image-preview":"max-image-preview:large","max-video-preview":"max-video-preview:-1"},"canonical":"https:\/\/www.vivevelez.com\/index.php\/club-social-vive-velez\/","og_locale":"es_ES","og_type":"article","og_title":"Club Social Vive V\u00e9lez: \u00a1S\u00famate a nuestra comunidad! - vivevelez.com","og_description":"El Club Vive V\u00e9lez es el lugar donde vecinos, empresas y comercios podemos unirnos para colaborar activamente con un objetivo claro: fortalecer nuestro tejido social y econ\u00f3mico. Queremos que sea una iniciativa al alcance de todos, que involucre a cuanta m\u00e1s gente, mejor. Por ello, ponemos a tu disposici\u00f3n varias formas de participaci\u00f3n. Queremos construir [&hellip;]","og_url":"https:\/\/www.vivevelez.com\/index.php\/club-social-vive-velez\/","og_site_name":"vivevelez.com","article_modified_time":"2025-02-03T18:28:58+00:00","og_image":[{"width":1500,"height":1500,"url":"https:\/\/www.vivevelez.com\/wp-content\/uploads\/2020\/09\/LOGO-VIVE-VELEZ-1.png","type":"image\/png"}],"twitter_card":"summary_large_image","twitter_misc":{"Tiempo de lectura":"2 minutos"},"schema":{"@context":"https:\/\/schema.org","@graph":[{"@type":"WebPage","@id":"https:\/\/www.vivevelez.com\/index.php\/club-social-vive-velez\/","url":"https:\/\/www.vivevelez.com\/index.php\/club-social-vive-velez\/","name":"Club Social Vive V\u00e9lez: \u00a1S\u00famate a nuestra comunidad! - vivevelez.com","isPartOf":{"@id":"https:\/\/www.vivevelez.com\/#website"},"primaryImageOfPage":{"@id":"https:\/\/www.vivevelez.com\/index.php\/club-social-vive-velez\/#primaryimage"},"image":{"@id":"https:\/\/www.vivevelez.com\/index.php\/club-social-vive-velez\/#primaryimage"},"thumbnailUrl":"https:\/\/www.vivevelez.com\/wp-content\/uploads\/2020\/09\/LOGO-VIVE-VELEZ-1-1024x1024.png","datePublished":"2020-09-15T16:09:13+00:00","dateModified":"2025-02-03T18:28:58+00:00","breadcrumb":{"@id":"https:\/\/www.vivevelez.com\/index.php\/club-social-vive-velez\/#breadcrumb"},"inLanguage":"es","potentialAction":[{"@type":"ReadAction","target":["https:\/\/www.vivevelez.com\/index.php\/club-social-vive-velez\/"]}]},{"@type":"ImageObject","inLanguage":"es","@id":"https:\/\/www.vivevelez.com\/index.php\/club-social-vive-velez\/#primaryimage","url":"https:\/\/www.vivevelez.com\/wp-content\/uploads\/2020\/09\/LOGO-VIVE-VELEZ-1.png","contentUrl":"https:\/\/www.vivevelez.com\/wp-content\/uploads\/2020\/09\/LOGO-VIVE-VELEZ-1.png","width":1500,"height":1500},{"@type":"BreadcrumbList","@id":"https:\/\/www.vivevelez.com\/index.php\/club-social-vive-velez\/#breadcrumb","itemListElement":[{"@type":"ListItem","position":1,"name":"Portada","item":"https:\/\/www.vivevelez.com\/"},{"@type":"ListItem","position":2,"name":"Club Social Vive V\u00e9lez: \u00a1S\u00famate a nuestra comunidad!"}]},{"@type":"WebSite","@id":"https:\/\/www.vivevelez.com\/#website","url":"https:\/\/www.vivevelez.com\/","name":"vivevelez.com","description":"V&eacute;lez-M&aacute;laga; Historia,Cultura,Gastronom&iacute;a,Arte,Lugares,Oficios,Personajes","publisher":{"@id":"https:\/\/www.vivevelez.com\/#organization"},"potentialAction":[{"@type":"SearchAction","target":{"@type":"EntryPoint","urlTemplate":"https:\/\/www.vivevelez.com\/?s={search_term_string}"},"query-input":{"@type":"PropertyValueSpecification","valueRequired":true,"valueName":"search_term_string"}}],"inLanguage":"es"},{"@type":"Organization","@id":"https:\/\/www.vivevelez.com\/#organization","name":"vivevelez.com","url":"https:\/\/www.vivevelez.com\/","logo":{"@type":"ImageObject","inLanguage":"es","@id":"https:\/\/www.vivevelez.com\/#\/schema\/logo\/image\/","url":"https:\/\/www.vivevelez.com\/wp-content\/uploads\/2025\/01\/vive-velez.jpg","contentUrl":"https:\/\/www.vivevelez.com\/wp-content\/uploads\/2025\/01\/vive-velez.jpg","width":1600,"height":566,"caption":"vivevelez.com"},"image":{"@id":"https:\/\/www.vivevelez.com\/#\/schema\/logo\/image\/"}}]}},"_links":{"self":[{"href":"https:\/\/www.vivevelez.com\/index.php\/wp-json\/wp\/v2\/pages\/688","targetHints":{"allow":["GET"]}}],"collection":[{"href":"https:\/\/www.vivevelez.com\/index.php\/wp-json\/wp\/v2\/pages"}],"about":[{"href":"https:\/\/www.vivevelez.com\/index.php\/wp-json\/wp\/v2\/types\/page"}],"author":[{"embeddable":true,"href":"https:\/\/www.vivevelez.com\/index.php\/wp-json\/wp\/v2\/users\/1"}],"replies":[{"embeddable":true,"href":"https:\/\/www.vivevelez.com\/index.php\/wp-json\/wp\/v2\/comments?post=688"}],"version-history":[{"count":13,"href":"https:\/\/www.vivevelez.com\/index.php\/wp-json\/wp\/v2\/pages\/688\/revisions"}],"predecessor-version":[{"id":933,"href":"https:\/\/www.vivevelez.com\/index.php\/wp-json\/wp\/v2\/pages\/688\/revisions\/933"}],"wp:attachment":[{"href":"https:\/\/www.vivevelez.com\/index.php\/wp-json\/wp\/v2\/media?parent=688"}],"curies":[{"name":"wp","href":"https:\/\/api.w.org\/{rel}","templated":true}]}}