{"id":97,"date":"2020-03-16T10:03:13","date_gmt":"2020-03-16T10:03:13","guid":{"rendered":"https:\/\/www.vivevelez.com\/?page_id=97"},"modified":"2025-01-23T10:03:01","modified_gmt":"2025-01-23T10:03:01","slug":"contacto","status":"publish","type":"page","link":"https:\/\/www.vivevelez.com\/index.php\/contacto\/","title":{"rendered":"Contacta con nosotros"},"content":{"rendered":"\n<p>Si quieres saber m\u00e1s sobre nuestro pueblo V\u00e9lez-M\u00e1laga, quieres conocer la iniciativa Vive V\u00e9lez, tienes una propuesta o quieres hacernos cualquier tipo de consulta, contacta con nosotros escribi\u00e9ndonos al correo electr\u00f3nico <a href=\"mailto:clubvivevelez@gmail.com\">clubvivevelez@gmail.com<\/a>.<\/p>\n\n\n\n<p>\u00a1Estamos en contacto! <\/p>\n\n\n\n<p><\/p>\n","protected":false},"excerpt":{"rendered":"<p>Si quieres saber m\u00e1s sobre nuestro pueblo V\u00e9lez-M\u00e1laga, quieres conocer la iniciativa Vive V\u00e9lez, tienes una propuesta o quieres hacernos cualquier tipo de consulta, contacta con nosotros escribi\u00e9ndonos al correo electr\u00f3nico clubvivevelez@gmail.com. \u00a1Estamos en contacto!<\/p>\n","protected":false},"author":1,"featured_media":784,"parent":0,"menu_order":0,"comment_status":"closed","ping_status":"closed","template":"","meta":{"footnotes":""},"class_list":["post-97","page","type-page","status-publish","has-post-thumbnail","hentry"],"yoast_head":"<!-- This site is optimized with the Yoast SEO plugin v27.1.1 - https:\/\/yoast.com\/product\/yoast-seo-wordpress\/ -->\n<title>Contacta con nosotros - vivevelez.com<\/title>\n<meta name=\"robots\" content=\"index, follow, max-snippet:-1, max-image-preview:large, max-video-preview:-1\" \/>\n<link rel=\"canonical\" href=\"https:\/\/www.vivevelez.com\/index.php\/contacto\/\" \/>\n<meta property=\"og:locale\" content=\"es_ES\" \/>\n<meta property=\"og:type\" content=\"article\" \/>\n<meta property=\"og:title\" content=\"Contacta con nosotros - vivevelez.com\" \/>\n<meta property=\"og:description\" content=\"Si quieres saber m\u00e1s sobre nuestro pueblo V\u00e9lez-M\u00e1laga, quieres conocer la iniciativa Vive V\u00e9lez, tienes una propuesta o quieres hacernos cualquier tipo de consulta, contacta con nosotros escribi\u00e9ndonos al correo electr\u00f3nico clubvivevelez@gmail.com. \u00a1Estamos en contacto!\" \/>\n<meta property=\"og:url\" content=\"https:\/\/www.vivevelez.com\/index.php\/contacto\/\" \/>\n<meta property=\"og:site_name\" content=\"vivevelez.com\" \/>\n<meta property=\"article:modified_time\" content=\"2025-01-23T10:03:01+00:00\" \/>\n<meta property=\"og:image\" content=\"https:\/\/www.vivevelez.com\/wp-content\/uploads\/2022\/03\/VV-Blanc.jpg\" \/>\n\t<meta property=\"og:image:width\" content=\"1237\" \/>\n\t<meta property=\"og:image:height\" content=\"641\" \/>\n\t<meta property=\"og:image:type\" content=\"image\/jpeg\" \/>\n<meta name=\"twitter:card\" content=\"summary_large_image\" \/>\n<meta name=\"twitter:label1\" content=\"Tiempo de lectura\" \/>\n\t<meta name=\"twitter:data1\" content=\"1 minuto\" \/>\n<script type=\"application\/ld+json\" class=\"yoast-schema-graph\">{\"@context\":\"https:\/\/schema.org\",\"@graph\":[{\"@type\":\"WebPage\",\"@id\":\"https:\/\/www.vivevelez.com\/index.php\/contacto\/\",\"url\":\"https:\/\/www.vivevelez.com\/index.php\/contacto\/\",\"name\":\"Contacta con nosotros - vivevelez.com\",\"isPartOf\":{\"@id\":\"https:\/\/www.vivevelez.com\/#website\"},\"primaryImageOfPage\":{\"@id\":\"https:\/\/www.vivevelez.com\/index.php\/contacto\/#primaryimage\"},\"image\":{\"@id\":\"https:\/\/www.vivevelez.com\/index.php\/contacto\/#primaryimage\"},\"thumbnailUrl\":\"https:\/\/www.vivevelez.com\/wp-content\/uploads\/2022\/03\/VV-Blanc.jpg\",\"datePublished\":\"2020-03-16T10:03:13+00:00\",\"dateModified\":\"2025-01-23T10:03:01+00:00\",\"breadcrumb\":{\"@id\":\"https:\/\/www.vivevelez.com\/index.php\/contacto\/#breadcrumb\"},\"inLanguage\":\"es\",\"potentialAction\":[{\"@type\":\"ReadAction\",\"target\":[\"https:\/\/www.vivevelez.com\/index.php\/contacto\/\"]}]},{\"@type\":\"ImageObject\",\"inLanguage\":\"es\",\"@id\":\"https:\/\/www.vivevelez.com\/index.php\/contacto\/#primaryimage\",\"url\":\"https:\/\/www.vivevelez.com\/wp-content\/uploads\/2022\/03\/VV-Blanc.jpg\",\"contentUrl\":\"https:\/\/www.vivevelez.com\/wp-content\/uploads\/2022\/03\/VV-Blanc.jpg\",\"width\":1237,\"height\":641},{\"@type\":\"BreadcrumbList\",\"@id\":\"https:\/\/www.vivevelez.com\/index.php\/contacto\/#breadcrumb\",\"itemListElement\":[{\"@type\":\"ListItem\",\"position\":1,\"name\":\"Portada\",\"item\":\"https:\/\/www.vivevelez.com\/\"},{\"@type\":\"ListItem\",\"position\":2,\"name\":\"Contacta con nosotros\"}]},{\"@type\":\"WebSite\",\"@id\":\"https:\/\/www.vivevelez.com\/#website\",\"url\":\"https:\/\/www.vivevelez.com\/\",\"name\":\"vivevelez.com\",\"description\":\"V&eacute;lez-M&aacute;laga; Historia,Cultura,Gastronom&iacute;a,Arte,Lugares,Oficios,Personajes\",\"publisher\":{\"@id\":\"https:\/\/www.vivevelez.com\/#organization\"},\"potentialAction\":[{\"@type\":\"SearchAction\",\"target\":{\"@type\":\"EntryPoint\",\"urlTemplate\":\"https:\/\/www.vivevelez.com\/?s={search_term_string}\"},\"query-input\":{\"@type\":\"PropertyValueSpecification\",\"valueRequired\":true,\"valueName\":\"search_term_string\"}}],\"inLanguage\":\"es\"},{\"@type\":\"Organization\",\"@id\":\"https:\/\/www.vivevelez.com\/#organization\",\"name\":\"vivevelez.com\",\"url\":\"https:\/\/www.vivevelez.com\/\",\"logo\":{\"@type\":\"ImageObject\",\"inLanguage\":\"es\",\"@id\":\"https:\/\/www.vivevelez.com\/#\/schema\/logo\/image\/\",\"url\":\"https:\/\/www.vivevelez.com\/wp-content\/uploads\/2025\/01\/vive-velez.jpg\",\"contentUrl\":\"https:\/\/www.vivevelez.com\/wp-content\/uploads\/2025\/01\/vive-velez.jpg\",\"width\":1600,\"height\":566,\"caption\":\"vivevelez.com\"},\"image\":{\"@id\":\"https:\/\/www.vivevelez.com\/#\/schema\/logo\/image\/\"}}]}<\/script>\n<!-- \/ Yoast SEO plugin. -->","yoast_head_json":{"title":"Contacta con nosotros - vivevelez.com","robots":{"index":"index","follow":"follow","max-snippet":"max-snippet:-1","max-image-preview":"max-image-preview:large","max-video-preview":"max-video-preview:-1"},"canonical":"https:\/\/www.vivevelez.com\/index.php\/contacto\/","og_locale":"es_ES","og_type":"article","og_title":"Contacta con nosotros - vivevelez.com","og_description":"Si quieres saber m\u00e1s sobre nuestro pueblo V\u00e9lez-M\u00e1laga, quieres conocer la iniciativa Vive V\u00e9lez, tienes una propuesta o quieres hacernos cualquier tipo de consulta, contacta con nosotros escribi\u00e9ndonos al correo electr\u00f3nico clubvivevelez@gmail.com. \u00a1Estamos en contacto!","og_url":"https:\/\/www.vivevelez.com\/index.php\/contacto\/","og_site_name":"vivevelez.com","article_modified_time":"2025-01-23T10:03:01+00:00","og_image":[{"width":1237,"height":641,"url":"https:\/\/www.vivevelez.com\/wp-content\/uploads\/2022\/03\/VV-Blanc.jpg","type":"image\/jpeg"}],"twitter_card":"summary_large_image","twitter_misc":{"Tiempo de lectura":"1 minuto"},"schema":{"@context":"https:\/\/schema.org","@graph":[{"@type":"WebPage","@id":"https:\/\/www.vivevelez.com\/index.php\/contacto\/","url":"https:\/\/www.vivevelez.com\/index.php\/contacto\/","name":"Contacta con nosotros - vivevelez.com","isPartOf":{"@id":"https:\/\/www.vivevelez.com\/#website"},"primaryImageOfPage":{"@id":"https:\/\/www.vivevelez.com\/index.php\/contacto\/#primaryimage"},"image":{"@id":"https:\/\/www.vivevelez.com\/index.php\/contacto\/#primaryimage"},"thumbnailUrl":"https:\/\/www.vivevelez.com\/wp-content\/uploads\/2022\/03\/VV-Blanc.jpg","datePublished":"2020-03-16T10:03:13+00:00","dateModified":"2025-01-23T10:03:01+00:00","breadcrumb":{"@id":"https:\/\/www.vivevelez.com\/index.php\/contacto\/#breadcrumb"},"inLanguage":"es","potentialAction":[{"@type":"ReadAction","target":["https:\/\/www.vivevelez.com\/index.php\/contacto\/"]}]},{"@type":"ImageObject","inLanguage":"es","@id":"https:\/\/www.vivevelez.com\/index.php\/contacto\/#primaryimage","url":"https:\/\/www.vivevelez.com\/wp-content\/uploads\/2022\/03\/VV-Blanc.jpg","contentUrl":"https:\/\/www.vivevelez.com\/wp-content\/uploads\/2022\/03\/VV-Blanc.jpg","width":1237,"height":641},{"@type":"BreadcrumbList","@id":"https:\/\/www.vivevelez.com\/index.php\/contacto\/#breadcrumb","itemListElement":[{"@type":"ListItem","position":1,"name":"Portada","item":"https:\/\/www.vivevelez.com\/"},{"@type":"ListItem","position":2,"name":"Contacta con nosotros"}]},{"@type":"WebSite","@id":"https:\/\/www.vivevelez.com\/#website","url":"https:\/\/www.vivevelez.com\/","name":"vivevelez.com","description":"V&eacute;lez-M&aacute;laga; Historia,Cultura,Gastronom&iacute;a,Arte,Lugares,Oficios,Personajes","publisher":{"@id":"https:\/\/www.vivevelez.com\/#organization"},"potentialAction":[{"@type":"SearchAction","target":{"@type":"EntryPoint","urlTemplate":"https:\/\/www.vivevelez.com\/?s={search_term_string}"},"query-input":{"@type":"PropertyValueSpecification","valueRequired":true,"valueName":"search_term_string"}}],"inLanguage":"es"},{"@type":"Organization","@id":"https:\/\/www.vivevelez.com\/#organization","name":"vivevelez.com","url":"https:\/\/www.vivevelez.com\/","logo":{"@type":"ImageObject","inLanguage":"es","@id":"https:\/\/www.vivevelez.com\/#\/schema\/logo\/image\/","url":"https:\/\/www.vivevelez.com\/wp-content\/uploads\/2025\/01\/vive-velez.jpg","contentUrl":"https:\/\/www.vivevelez.com\/wp-content\/uploads\/2025\/01\/vive-velez.jpg","width":1600,"height":566,"caption":"vivevelez.com"},"image":{"@id":"https:\/\/www.vivevelez.com\/#\/schema\/logo\/image\/"}}]}},"_links":{"self":[{"href":"https:\/\/www.vivevelez.com\/index.php\/wp-json\/wp\/v2\/pages\/97","targetHints":{"allow":["GET"]}}],"collection":[{"href":"https:\/\/www.vivevelez.com\/index.php\/wp-json\/wp\/v2\/pages"}],"about":[{"href":"https:\/\/www.vivevelez.com\/index.php\/wp-json\/wp\/v2\/types\/page"}],"author":[{"embeddable":true,"href":"https:\/\/www.vivevelez.com\/index.php\/wp-json\/wp\/v2\/users\/1"}],"replies":[{"embeddable":true,"href":"https:\/\/www.vivevelez.com\/index.php\/wp-json\/wp\/v2\/comments?post=97"}],"version-history":[{"count":7,"href":"https:\/\/www.vivevelez.com\/index.php\/wp-json\/wp\/v2\/pages\/97\/revisions"}],"predecessor-version":[{"id":900,"href":"https:\/\/www.vivevelez.com\/index.php\/wp-json\/wp\/v2\/pages\/97\/revisions\/900"}],"wp:featuredmedia":[{"embeddable":true,"href":"https:\/\/www.vivevelez.com\/index.php\/wp-json\/wp\/v2\/media\/784"}],"wp:attachment":[{"href":"https:\/\/www.vivevelez.com\/index.php\/wp-json\/wp\/v2\/media?parent=97"}],"curies":[{"name":"wp","href":"https:\/\/api.w.org\/{rel}","templated":true}]}}